{"id":22,"date":"2025-05-12T15:16:39","date_gmt":"2025-05-12T15:16:39","guid":{"rendered":"https:\/\/ogsceramics.rkinformatika.online\/?page_id=22"},"modified":"2025-06-06T08:02:42","modified_gmt":"2025-06-06T08:02:42","slug":"inicio","status":"publish","type":"page","link":"https:\/\/ogsceramics.com\/en\/","title":{"rendered":"Home"},"content":{"rendered":"\t\t<div data-elementor-type=\"wp-page\" data-elementor-id=\"22\" class=\"elementor elementor-22\" data-elementor-post-type=\"page\">\n\t\t\t\t<div class=\"elementor-element elementor-element-1ca0010 e-flex e-con-boxed e-con e-parent\" data-id=\"1ca0010\" data-element_type=\"container\" data-e-type=\"container\" data-settings=\"{&quot;background_background&quot;:&quot;classic&quot;}\">\n\t\t\t\t\t<div class=\"e-con-inner\">\n\t\t\t\t<div class=\"elementor-element elementor-element-1c1d6dc elementor-widget elementor-widget-heading\" data-id=\"1c1d6dc\" data-element_type=\"widget\" data-e-type=\"widget\" data-widget_type=\"heading.default\">\n\t\t\t\t<div class=\"elementor-widget-container\">\n\t\t\t\t\t<h2 class=\"elementor-heading-title elementor-size-default\">OG\u2019s Ceramics<\/h2>\t\t\t\t<\/div>\n\t\t\t\t<\/div>\n\t\t\t\t\t<\/div>\n\t\t\t\t<\/div>\n\t\t<div class=\"elementor-element elementor-element-fb35367 e-flex e-con-boxed e-con e-parent\" data-id=\"fb35367\" data-element_type=\"container\" data-e-type=\"container\" data-settings=\"{&quot;background_background&quot;:&quot;classic&quot;}\">\n\t\t\t\t\t<div class=\"e-con-inner\">\n\t\t<div class=\"elementor-element elementor-element-8d75d3d e-con-full e-flex e-con e-child\" data-id=\"8d75d3d\" data-element_type=\"container\" data-e-type=\"container\" data-settings=\"{&quot;background_background&quot;:&quot;slideshow&quot;,&quot;background_slideshow_gallery&quot;:[],&quot;background_slideshow_loop&quot;:&quot;yes&quot;,&quot;background_slideshow_slide_duration&quot;:5000,&quot;background_slideshow_slide_transition&quot;:&quot;fade&quot;,&quot;background_slideshow_transition_duration&quot;:500}\">\n\t\t\t\t<div class=\"elementor-element elementor-element-c7235f3 elementor-arrows-position-inside elementor-widget elementor-widget-image-carousel\" data-id=\"c7235f3\" data-element_type=\"widget\" data-e-type=\"widget\" data-settings=\"{&quot;slides_to_show&quot;:&quot;1&quot;,&quot;navigation&quot;:&quot;arrows&quot;,&quot;autoplay&quot;:&quot;yes&quot;,&quot;pause_on_hover&quot;:&quot;yes&quot;,&quot;pause_on_interaction&quot;:&quot;yes&quot;,&quot;autoplay_speed&quot;:5000,&quot;infinite&quot;:&quot;yes&quot;,&quot;effect&quot;:&quot;slide&quot;,&quot;speed&quot;:500}\" data-widget_type=\"image-carousel.default\">\n\t\t\t\t<div class=\"elementor-widget-container\">\n\t\t\t\t\t\t\t<div class=\"elementor-image-carousel-wrapper swiper\" role=\"region\" aria-roledescription=\"carousel\" aria-label=\"Carrusel de im\u00e1genes\" dir=\"ltr\">\n\t\t\t<div class=\"elementor-image-carousel swiper-wrapper\" aria-live=\"off\">\n\t\t\t\t\t\t\t\t<div class=\"swiper-slide\" role=\"group\" aria-roledescription=\"slide\" aria-label=\"1 of 4\"><figure class=\"swiper-slide-inner\"><img decoding=\"async\" class=\"swiper-slide-image\" src=\"https:\/\/ogsceramics.com\/wp-content\/uploads\/2025\/05\/Diseno-sin-titulo-4-1024x853.png\" alt=\"Dise\u00f1o sin t\u00edtulo (4)\" \/><\/figure><\/div><div class=\"swiper-slide\" role=\"group\" aria-roledescription=\"slide\" aria-label=\"2 of 4\"><figure class=\"swiper-slide-inner\"><img decoding=\"async\" class=\"swiper-slide-image\" src=\"https:\/\/ogsceramics.com\/wp-content\/uploads\/2025\/05\/Diseno-sin-titulo-3-1024x853.png\" alt=\"Dise\u00f1o sin t\u00edtulo (3)\" \/><\/figure><\/div><div class=\"swiper-slide\" role=\"group\" aria-roledescription=\"slide\" aria-label=\"3 of 4\"><figure class=\"swiper-slide-inner\"><img decoding=\"async\" class=\"swiper-slide-image\" src=\"https:\/\/ogsceramics.com\/wp-content\/uploads\/2025\/05\/Diseno-sin-titulo-2-1024x853.png\" alt=\"Dise\u00f1o sin t\u00edtulo (2)\" \/><\/figure><\/div><div class=\"swiper-slide\" role=\"group\" aria-roledescription=\"slide\" aria-label=\"4 of 4\"><figure class=\"swiper-slide-inner\"><img decoding=\"async\" class=\"swiper-slide-image\" src=\"https:\/\/ogsceramics.com\/wp-content\/uploads\/2025\/05\/Diseno-sin-titulo-1024x853.png\" alt=\"Dise\u00f1o sin t\u00edtulo\" \/><\/figure><\/div>\t\t\t<\/div>\n\t\t\t\t\t\t\t\t\t\t\t\t<div class=\"elementor-swiper-button elementor-swiper-button-prev\" role=\"button\" tabindex=\"0\">\n\t\t\t\t\t\t<svg aria-hidden=\"true\" class=\"e-font-icon-svg e-eicon-chevron-left\" viewBox=\"0 0 1000 1000\" xmlns=\"http:\/\/www.w3.org\/2000\/svg\"><path d=\"M646 125C629 125 613 133 604 142L308 442C296 454 292 471 292 487 292 504 296 521 308 533L604 854C617 867 629 875 646 875 663 875 679 871 692 858 704 846 713 829 713 812 713 796 708 779 692 767L438 487 692 225C700 217 708 204 708 187 708 171 704 154 692 142 675 129 663 125 646 125Z\"><\/path><\/svg>\t\t\t\t\t<\/div>\n\t\t\t\t\t<div class=\"elementor-swiper-button elementor-swiper-button-next\" role=\"button\" tabindex=\"0\">\n\t\t\t\t\t\t<svg aria-hidden=\"true\" class=\"e-font-icon-svg e-eicon-chevron-right\" viewBox=\"0 0 1000 1000\" xmlns=\"http:\/\/www.w3.org\/2000\/svg\"><path d=\"M696 533C708 521 713 504 713 487 713 471 708 454 696 446L400 146C388 133 375 125 354 125 338 125 325 129 313 142 300 154 292 171 292 187 292 204 296 221 308 233L563 492 304 771C292 783 288 800 288 817 288 833 296 850 308 863 321 871 338 875 354 875 371 875 388 867 400 854L696 533Z\"><\/path><\/svg>\t\t\t\t\t<\/div>\n\t\t\t\t\n\t\t\t\t\t\t\t\t\t<\/div>\n\t\t\t\t\t\t<\/div>\n\t\t\t\t<\/div>\n\t\t\t\t<\/div>\n\t\t<div class=\"elementor-element elementor-element-6cd9903 e-con-full e-flex e-con e-child\" data-id=\"6cd9903\" data-element_type=\"container\" data-e-type=\"container\" data-settings=\"{&quot;background_background&quot;:&quot;classic&quot;}\">\n\t\t\t\t<div class=\"elementor-element elementor-element-f6f9dc6 elementor-widget elementor-widget-heading\" data-id=\"f6f9dc6\" data-element_type=\"widget\" data-e-type=\"widget\" data-widget_type=\"heading.default\">\n\t\t\t\t<div class=\"elementor-widget-container\">\n\t\t\t\t\t<h2 class=\"elementor-heading-title elementor-size-default\">OG\u2019s Ceramics<\/h2>\t\t\t\t<\/div>\n\t\t\t\t<\/div>\n\t\t\t\t<div class=\"elementor-element elementor-element-a5423df elementor-widget elementor-widget-text-editor\" data-id=\"a5423df\" data-element_type=\"widget\" data-e-type=\"widget\" data-widget_type=\"text-editor.default\">\n\t\t\t\t<div class=\"elementor-widget-container\">\n\t\t\t\t\t\t\t\t\t<p>Ceramista franc\u00e9s instalado en Valencia desde casi 20 a\u00f1os, y cada d\u00eda m\u00e1s apasionado por la cer\u00e1mica y su infinidad de posibilidades desde que toque arcilla por primera vez en 2019.<\/p><p>Bienvenido a mi mundo de la cer\u00e1mica, donde cada pieza es una historia moldeada por la mano y el fuego. Durante los \u00faltimos seis a\u00f1os, he explorado las infinitas posibilidades del barro, abrazando sus imperfecciones y su car\u00e1cter \u00fanico. Mi trabajo es un reflejo de mi pasi\u00f3n por la textura, la forma y la belleza de lo inesperado.<\/p><p>Cada creaci\u00f3n es \u00fanica, elaborada con cuidado e intenci\u00f3n; no hay dos piezas iguales. Ya sean funcionales o escult\u00f3ricas, mis cer\u00e1micas te invitan a experimentar la conexi\u00f3n cruda y org\u00e1nica entre el arte y la vida cotidiana.<\/p><p>Me encanta compartir mi oficio y espero que mi trabajo resuene contigo tanto como lo hace conmigo.<\/p>\t\t\t\t\t\t\t\t<\/div>\n\t\t\t\t<\/div>\n\t\t\t\t<\/div>\n\t\t\t\t\t<\/div>\n\t\t\t\t<\/div>\n\t\t<div class=\"elementor-element elementor-element-7928ee6 e-flex e-con-boxed e-con e-parent\" data-id=\"7928ee6\" data-element_type=\"container\" data-e-type=\"container\">\n\t\t\t\t\t<div class=\"e-con-inner\">\n\t\t\t\t<div class=\"elementor-element elementor-element-32b340c elementor-cta--skin-cover elementor-animated-content elementor-bg-transform elementor-bg-transform-zoom-in elementor-widget elementor-widget-call-to-action\" data-id=\"32b340c\" data-element_type=\"widget\" data-e-type=\"widget\" data-widget_type=\"call-to-action.default\">\n\t\t\t\t<div class=\"elementor-widget-container\">\n\t\t\t\t\t\t\t<div class=\"elementor-cta\">\n\t\t\t\t\t<div class=\"elementor-cta__bg-wrapper\">\n\t\t\t\t<div class=\"elementor-cta__bg elementor-bg\" style=\"background-image: url(https:\/\/ogsceramics.com\/wp-content\/uploads\/2025\/05\/67600-1024x683.jpg);\" role=\"img\" aria-label=\"67600\"><\/div>\n\t\t\t\t<div class=\"elementor-cta__bg-overlay\"><\/div>\n\t\t\t<\/div>\n\t\t\t\t\t\t\t<div class=\"elementor-cta__content\">\n\t\t\t\t\n\t\t\t\t\t\t\t\t\t<h2 class=\"elementor-cta__title elementor-cta__content-item elementor-content-item elementor-animated-item--grow\">\n\t\t\t\t\t\tCada pieza cuenta una historia.\t\t\t\t\t<\/h2>\n\t\t\t\t\n\t\t\t\t\t\t\t\t\t<div class=\"elementor-cta__description elementor-cta__content-item elementor-content-item elementor-animated-item--grow\">\n\t\t\t\t\t\tDescubre mi tienda online y encuentra esa pieza \u00fanica que conecte contigo\t\t\t\t\t<\/div>\n\t\t\t\t\n\t\t\t\t\t\t\t\t\t<div class=\"elementor-cta__button-wrapper elementor-cta__content-item elementor-content-item elementor-animated-item--grow\">\n\t\t\t\t\t<a class=\"elementor-cta__button elementor-button elementor-size-\" href=\"https:\/\/ogsceramics.com\/index.php\/productos\/\">\n\t\t\t\t\t\tTienda Online\t\t\t\t\t<\/a>\n\t\t\t\t\t<\/div>\n\t\t\t\t\t\t\t<\/div>\n\t\t\t\t\t\t<\/div>\n\t\t\t\t\t\t<\/div>\n\t\t\t\t<\/div>\n\t\t\t\t\t<\/div>\n\t\t\t\t<\/div>\n\t\t<div class=\"elementor-element elementor-element-3873770 e-flex e-con-boxed e-con e-parent\" data-id=\"3873770\" data-element_type=\"container\" data-e-type=\"container\">\n\t\t\t\t\t<div class=\"e-con-inner\">\n\t\t\t\t<div class=\"elementor-element elementor-element-33f67df elementor-widget elementor-widget-heading\" data-id=\"33f67df\" data-element_type=\"widget\" data-e-type=\"widget\" data-widget_type=\"heading.default\">\n\t\t\t\t<div class=\"elementor-widget-container\">\n\t\t\t\t\t<h2 class=\"elementor-heading-title elementor-size-default\">\u00a1Suscr\u00edbete a nuestra newsletter!<\/h2>\t\t\t\t<\/div>\n\t\t\t\t<\/div>\n\t\t\t\t\t<\/div>\n\t\t\t\t<\/div>\n\t\t<div class=\"elementor-element elementor-element-629aa72 e-flex e-con-boxed e-con e-parent\" data-id=\"629aa72\" data-element_type=\"container\" data-e-type=\"container\">\n\t\t\t\t\t<div class=\"e-con-inner\">\n\t\t\t\t<div class=\"elementor-element elementor-element-dbaa48f elementor-button-align-stretch elementor-widget elementor-widget-form\" data-id=\"dbaa48f\" data-element_type=\"widget\" data-e-type=\"widget\" data-settings=\"{&quot;step_next_label&quot;:&quot;Siguiente&quot;,&quot;step_previous_label&quot;:&quot;Anterior&quot;,&quot;button_width&quot;:&quot;100&quot;,&quot;step_type&quot;:&quot;number_text&quot;,&quot;step_icon_shape&quot;:&quot;circle&quot;}\" data-widget_type=\"form.default\">\n\t\t\t\t<div class=\"elementor-widget-container\">\n\t\t\t\t\t\t\t<form class=\"elementor-form\" method=\"post\" name=\"Nuevo formulario\" aria-label=\"Nuevo formulario\">\n\t\t\t<input type=\"hidden\" name=\"post_id\" value=\"22\"\/>\n\t\t\t<input type=\"hidden\" name=\"form_id\" value=\"dbaa48f\"\/>\n\t\t\t<input type=\"hidden\" name=\"referer_title\" value=\"Inicio - OG\u2019s Ceramics\" \/>\n\n\t\t\t\t\t\t\t<input type=\"hidden\" name=\"queried_id\" value=\"22\"\/>\n\t\t\t\n\t\t\t<div class=\"elementor-form-fields-wrapper elementor-labels-above\">\n\t\t\t\t\t\t\t\t<div class=\"elementor-field-type-text elementor-field-group elementor-column elementor-field-group-name elementor-col-100\">\n\t\t\t\t\t\t\t\t\t\t\t\t\t<input size=\"1\" type=\"text\" name=\"form_fields[name]\" id=\"form-field-name\" class=\"elementor-field elementor-size-sm  elementor-field-textual\" placeholder=\"Nombre\">\n\t\t\t\t\t\t\t\t\t\t\t<\/div>\n\t\t\t\t\t\t\t\t<div class=\"elementor-field-type-email elementor-field-group elementor-column elementor-field-group-email elementor-col-100 elementor-field-required\">\n\t\t\t\t\t\t\t\t\t\t\t\t\t<input size=\"1\" type=\"email\" name=\"form_fields[email]\" id=\"form-field-email\" class=\"elementor-field elementor-size-sm  elementor-field-textual\" placeholder=\"Correo electr\u00f3nico\" required=\"required\">\n\t\t\t\t\t\t\t\t\t\t\t<\/div>\n\t\t\t\t\t\t\t\t<div class=\"elementor-field-group elementor-column elementor-field-type-submit elementor-col-100 e-form__buttons\">\n\t\t\t\t\t<button class=\"elementor-button elementor-size-sm\" type=\"submit\">\n\t\t\t\t\t\t<span class=\"elementor-button-content-wrapper\">\n\t\t\t\t\t\t\t\t\t\t\t\t\t\t\t\t\t\t\t\t\t\t<span class=\"elementor-button-text\">Enviar<\/span>\n\t\t\t\t\t\t\t\t\t\t\t\t\t<\/span>\n\t\t\t\t\t<\/button>\n\t\t\t\t<\/div>\n\t\t\t<\/div>\n\t\t<\/form>\n\t\t\t\t\t\t<\/div>\n\t\t\t\t<\/div>\n\t\t\t\t\t<\/div>\n\t\t\t\t<\/div>\n\t\t\t\t<\/div>\n\t\t","protected":false},"excerpt":{"rendered":"<p>OG\u2019s Ceramics OG\u2019s Ceramics Ceramista franc\u00e9s instalado en Valencia desde casi 20 a\u00f1os, y cada d\u00eda m\u00e1s apasionado por la cer\u00e1mica y su infinidad de posibilidades desde que toque arcilla por primera vez en 2019. Bienvenido a mi mundo de la cer\u00e1mica, donde cada pieza es una historia moldeada por la mano y el fuego. [&hellip;]<\/p>\n","protected":false},"author":1,"featured_media":0,"parent":0,"menu_order":0,"comment_status":"closed","ping_status":"closed","template":"","meta":{"footnotes":""},"class_list":["post-22","page","type-page","status-publish","hentry"],"yoast_head":"<!-- This site is optimized with the Yoast SEO plugin v27.3 - https:\/\/yoast.com\/product\/yoast-seo-wordpress\/ -->\n<title>Inicio - OG\u2019s Ceramics<\/title>\n<meta name=\"robots\" content=\"index, follow, max-snippet:-1, max-image-preview:large, max-video-preview:-1\" \/>\n<link rel=\"canonical\" href=\"https:\/\/ogsceramics.com\/en\/\" \/>\n<meta property=\"og:locale\" content=\"en_GB\" \/>\n<meta property=\"og:type\" content=\"article\" \/>\n<meta property=\"og:title\" content=\"Inicio - OG\u2019s Ceramics\" \/>\n<meta property=\"og:description\" content=\"OG\u2019s Ceramics OG\u2019s Ceramics Ceramista franc\u00e9s instalado en Valencia desde casi 20 a\u00f1os, y cada d\u00eda m\u00e1s apasionado por la cer\u00e1mica y su infinidad de posibilidades desde que toque arcilla por primera vez en 2019. Bienvenido a mi mundo de la cer\u00e1mica, donde cada pieza es una historia moldeada por la mano y el fuego. [&hellip;]\" \/>\n<meta property=\"og:url\" content=\"https:\/\/ogsceramics.com\/en\/\" \/>\n<meta property=\"og:site_name\" content=\"OG\u2019s Ceramics\" \/>\n<meta property=\"article:modified_time\" content=\"2025-06-06T08:02:42+00:00\" \/>\n<meta property=\"og:image\" content=\"https:\/\/ogsceramics.com\/wp-content\/uploads\/2025\/05\/Diseno-sin-titulo-4-1024x853.png\" \/>\n<meta name=\"twitter:card\" content=\"summary_large_image\" \/>\n<meta name=\"twitter:label1\" content=\"Estimated reading time\" \/>\n\t<meta name=\"twitter:data1\" content=\"2 minutes\" \/>\n<script type=\"application\/ld+json\" class=\"yoast-schema-graph\">{\"@context\":\"https:\\\/\\\/schema.org\",\"@graph\":[{\"@type\":\"WebPage\",\"@id\":\"https:\\\/\\\/ogsceramics.com\\\/\",\"url\":\"https:\\\/\\\/ogsceramics.com\\\/\",\"name\":\"Inicio - OG\u2019s Ceramics\",\"isPartOf\":{\"@id\":\"https:\\\/\\\/ogsceramics.com\\\/#website\"},\"primaryImageOfPage\":{\"@id\":\"https:\\\/\\\/ogsceramics.com\\\/#primaryimage\"},\"image\":{\"@id\":\"https:\\\/\\\/ogsceramics.com\\\/#primaryimage\"},\"thumbnailUrl\":\"https:\\\/\\\/ogsceramics.com\\\/wp-content\\\/uploads\\\/2025\\\/05\\\/Diseno-sin-titulo-4-1024x853.png\",\"datePublished\":\"2025-05-12T15:16:39+00:00\",\"dateModified\":\"2025-06-06T08:02:42+00:00\",\"breadcrumb\":{\"@id\":\"https:\\\/\\\/ogsceramics.com\\\/#breadcrumb\"},\"inLanguage\":\"en-GB\",\"potentialAction\":[{\"@type\":\"ReadAction\",\"target\":[\"https:\\\/\\\/ogsceramics.com\\\/\"]}]},{\"@type\":\"ImageObject\",\"inLanguage\":\"en-GB\",\"@id\":\"https:\\\/\\\/ogsceramics.com\\\/#primaryimage\",\"url\":\"https:\\\/\\\/ogsceramics.com\\\/wp-content\\\/uploads\\\/2025\\\/05\\\/Diseno-sin-titulo-4-1024x853.png\",\"contentUrl\":\"https:\\\/\\\/ogsceramics.com\\\/wp-content\\\/uploads\\\/2025\\\/05\\\/Diseno-sin-titulo-4-1024x853.png\"},{\"@type\":\"BreadcrumbList\",\"@id\":\"https:\\\/\\\/ogsceramics.com\\\/#breadcrumb\",\"itemListElement\":[{\"@type\":\"ListItem\",\"position\":1,\"name\":\"Portada\",\"item\":\"https:\\\/\\\/ogsceramics.com\\\/\"},{\"@type\":\"ListItem\",\"position\":2,\"name\":\"Inicio\"}]},{\"@type\":\"WebSite\",\"@id\":\"https:\\\/\\\/ogsceramics.com\\\/#website\",\"url\":\"https:\\\/\\\/ogsceramics.com\\\/\",\"name\":\"OG\u2019s Ceramics\",\"description\":\"Fabricaci\u00f3n de cer\u00e1mica artesanal\",\"publisher\":{\"@id\":\"https:\\\/\\\/ogsceramics.com\\\/#organization\"},\"potentialAction\":[{\"@type\":\"SearchAction\",\"target\":{\"@type\":\"EntryPoint\",\"urlTemplate\":\"https:\\\/\\\/ogsceramics.com\\\/?s={search_term_string}\"},\"query-input\":{\"@type\":\"PropertyValueSpecification\",\"valueRequired\":true,\"valueName\":\"search_term_string\"}}],\"inLanguage\":\"en-GB\"},{\"@type\":\"Organization\",\"@id\":\"https:\\\/\\\/ogsceramics.com\\\/#organization\",\"name\":\"OG\u2019s Ceramics\",\"url\":\"https:\\\/\\\/ogsceramics.com\\\/\",\"logo\":{\"@type\":\"ImageObject\",\"inLanguage\":\"en-GB\",\"@id\":\"https:\\\/\\\/ogsceramics.com\\\/#\\\/schema\\\/logo\\\/image\\\/\",\"url\":\"https:\\\/\\\/ogsceramics.com\\\/wp-content\\\/uploads\\\/2025\\\/05\\\/cropped-OGs-Ceramics-1.png\",\"contentUrl\":\"https:\\\/\\\/ogsceramics.com\\\/wp-content\\\/uploads\\\/2025\\\/05\\\/cropped-OGs-Ceramics-1.png\",\"width\":424,\"height\":202,\"caption\":\"OG\u2019s Ceramics\"},\"image\":{\"@id\":\"https:\\\/\\\/ogsceramics.com\\\/#\\\/schema\\\/logo\\\/image\\\/\"}}]}<\/script>\n<!-- \/ Yoast SEO plugin. -->","yoast_head_json":{"title":"Inicio - OG\u2019s Ceramics","robots":{"index":"index","follow":"follow","max-snippet":"max-snippet:-1","max-image-preview":"max-image-preview:large","max-video-preview":"max-video-preview:-1"},"canonical":"https:\/\/ogsceramics.com\/en\/","og_locale":"en_GB","og_type":"article","og_title":"Inicio - OG\u2019s Ceramics","og_description":"OG\u2019s Ceramics OG\u2019s Ceramics Ceramista franc\u00e9s instalado en Valencia desde casi 20 a\u00f1os, y cada d\u00eda m\u00e1s apasionado por la cer\u00e1mica y su infinidad de posibilidades desde que toque arcilla por primera vez en 2019. Bienvenido a mi mundo de la cer\u00e1mica, donde cada pieza es una historia moldeada por la mano y el fuego. [&hellip;]","og_url":"https:\/\/ogsceramics.com\/en\/","og_site_name":"OG\u2019s Ceramics","article_modified_time":"2025-06-06T08:02:42+00:00","og_image":[{"url":"https:\/\/ogsceramics.com\/wp-content\/uploads\/2025\/05\/Diseno-sin-titulo-4-1024x853.png","type":"","width":"","height":""}],"twitter_card":"summary_large_image","twitter_misc":{"Estimated reading time":"2 minutes"},"schema":{"@context":"https:\/\/schema.org","@graph":[{"@type":"WebPage","@id":"https:\/\/ogsceramics.com\/","url":"https:\/\/ogsceramics.com\/","name":"Inicio - OG\u2019s Ceramics","isPartOf":{"@id":"https:\/\/ogsceramics.com\/#website"},"primaryImageOfPage":{"@id":"https:\/\/ogsceramics.com\/#primaryimage"},"image":{"@id":"https:\/\/ogsceramics.com\/#primaryimage"},"thumbnailUrl":"https:\/\/ogsceramics.com\/wp-content\/uploads\/2025\/05\/Diseno-sin-titulo-4-1024x853.png","datePublished":"2025-05-12T15:16:39+00:00","dateModified":"2025-06-06T08:02:42+00:00","breadcrumb":{"@id":"https:\/\/ogsceramics.com\/#breadcrumb"},"inLanguage":"en-GB","potentialAction":[{"@type":"ReadAction","target":["https:\/\/ogsceramics.com\/"]}]},{"@type":"ImageObject","inLanguage":"en-GB","@id":"https:\/\/ogsceramics.com\/#primaryimage","url":"https:\/\/ogsceramics.com\/wp-content\/uploads\/2025\/05\/Diseno-sin-titulo-4-1024x853.png","contentUrl":"https:\/\/ogsceramics.com\/wp-content\/uploads\/2025\/05\/Diseno-sin-titulo-4-1024x853.png"},{"@type":"BreadcrumbList","@id":"https:\/\/ogsceramics.com\/#breadcrumb","itemListElement":[{"@type":"ListItem","position":1,"name":"Portada","item":"https:\/\/ogsceramics.com\/"},{"@type":"ListItem","position":2,"name":"Inicio"}]},{"@type":"WebSite","@id":"https:\/\/ogsceramics.com\/#website","url":"https:\/\/ogsceramics.com\/","name":"OG\u2019s Ceramics","description":"Fabricaci\u00f3n de cer\u00e1mica artesanal","publisher":{"@id":"https:\/\/ogsceramics.com\/#organization"},"potentialAction":[{"@type":"SearchAction","target":{"@type":"EntryPoint","urlTemplate":"https:\/\/ogsceramics.com\/?s={search_term_string}"},"query-input":{"@type":"PropertyValueSpecification","valueRequired":true,"valueName":"search_term_string"}}],"inLanguage":"en-GB"},{"@type":"Organization","@id":"https:\/\/ogsceramics.com\/#organization","name":"OG\u2019s Ceramics","url":"https:\/\/ogsceramics.com\/","logo":{"@type":"ImageObject","inLanguage":"en-GB","@id":"https:\/\/ogsceramics.com\/#\/schema\/logo\/image\/","url":"https:\/\/ogsceramics.com\/wp-content\/uploads\/2025\/05\/cropped-OGs-Ceramics-1.png","contentUrl":"https:\/\/ogsceramics.com\/wp-content\/uploads\/2025\/05\/cropped-OGs-Ceramics-1.png","width":424,"height":202,"caption":"OG\u2019s Ceramics"},"image":{"@id":"https:\/\/ogsceramics.com\/#\/schema\/logo\/image\/"}}]}},"_links":{"self":[{"href":"https:\/\/ogsceramics.com\/en\/wp-json\/wp\/v2\/pages\/22","targetHints":{"allow":["GET"]}}],"collection":[{"href":"https:\/\/ogsceramics.com\/en\/wp-json\/wp\/v2\/pages"}],"about":[{"href":"https:\/\/ogsceramics.com\/en\/wp-json\/wp\/v2\/types\/page"}],"author":[{"embeddable":true,"href":"https:\/\/ogsceramics.com\/en\/wp-json\/wp\/v2\/users\/1"}],"replies":[{"embeddable":true,"href":"https:\/\/ogsceramics.com\/en\/wp-json\/wp\/v2\/comments?post=22"}],"version-history":[{"count":187,"href":"https:\/\/ogsceramics.com\/en\/wp-json\/wp\/v2\/pages\/22\/revisions"}],"predecessor-version":[{"id":737,"href":"https:\/\/ogsceramics.com\/en\/wp-json\/wp\/v2\/pages\/22\/revisions\/737"}],"wp:attachment":[{"href":"https:\/\/ogsceramics.com\/en\/wp-json\/wp\/v2\/media?parent=22"}],"curies":[{"name":"wp","href":"https:\/\/api.w.org\/{rel}","templated":true}]}}