{"id":465,"date":"2025-05-19T09:15:14","date_gmt":"2025-05-19T09:15:14","guid":{"rendered":"https:\/\/ogsceramics.rkinformatika.online\/?post_type=product&#038;p=465"},"modified":"2025-05-19T11:29:45","modified_gmt":"2025-05-19T11:29:45","slug":"frutero-arbol-de-vida","status":"publish","type":"product","link":"https:\/\/ogsceramics.com\/en\/product\/frutero-arbol-de-vida\/","title":{"rendered":"Frutero \u00c1rbol de Vida"},"content":{"rendered":"<p>Cuenco grande moldeado a mano con su base en forma de arb\u00f3l con 3 ramas, en gres fino con sus esmaltes marr\u00f3n y verde (2 cocciones)<\/p>\n<p>&nbsp;<\/p>\n<p>Embalaje y env\u00edo a Espa\u00f1a 19,00\u20ac<br \/>\nEmbalaje y env\u00edo a U.E. 29,00\u20ac<br \/>\nEmbalaje y env\u00edo fuera U.E. 39,00\u20ac<\/p>","protected":false},"excerpt":{"rendered":"<p>Cuenco grande moldeado a mano con su base en forma de arb\u00f3l con 3 ramas, en gres fino con sus esmaltes marr\u00f3n y verde (2 cocciones)<\/p>","protected":false},"featured_media":466,"comment_status":"open","ping_status":"closed","template":"","meta":[],"product_brand":[],"product_cat":[21,31],"product_tag":[],"class_list":{"0":"post-465","1":"product","2":"type-product","3":"status-publish","4":"has-post-thumbnail","6":"product_cat-artistico","7":"product_cat-cuencos","8":"product_shipping_class-clase-5","10":"first","11":"instock","12":"shipping-taxable","13":"purchasable","14":"product-type-simple"},"yoast_head":"<!-- This site is optimized with the Yoast SEO plugin v27.3 - https:\/\/yoast.com\/product\/yoast-seo-wordpress\/ -->\n<title>Frutero \u00c1rbol de Vida - OG\u2019s Ceramics<\/title>\n<meta name=\"robots\" content=\"index, follow, max-snippet:-1, max-image-preview:large, max-video-preview:-1\" \/>\n<link rel=\"canonical\" href=\"https:\/\/ogsceramics.com\/en\/product\/frutero-arbol-de-vida\/\" \/>\n<meta property=\"og:locale\" content=\"en_GB\" \/>\n<meta property=\"og:type\" content=\"article\" \/>\n<meta property=\"og:title\" content=\"Frutero \u00c1rbol de Vida - OG\u2019s Ceramics\" \/>\n<meta property=\"og:description\" content=\"Cuenco grande moldeado a mano con su base en forma de arb\u00f3l con 3 ramas, en gres fino con sus esmaltes marr\u00f3n y verde (2 cocciones)\" \/>\n<meta property=\"og:url\" content=\"https:\/\/ogsceramics.com\/en\/product\/frutero-arbol-de-vida\/\" \/>\n<meta property=\"og:site_name\" content=\"OG\u2019s Ceramics\" \/>\n<meta property=\"article:modified_time\" content=\"2025-05-19T11:29:45+00:00\" \/>\n<meta property=\"og:image\" content=\"https:\/\/ogsceramics.com\/wp-content\/uploads\/2025\/05\/30.Arbol-de-vida.png\" \/>\n\t<meta property=\"og:image:width\" content=\"1500\" \/>\n\t<meta property=\"og:image:height\" content=\"2000\" \/>\n\t<meta property=\"og:image:type\" content=\"image\/png\" \/>\n<meta name=\"twitter:card\" content=\"summary_large_image\" \/>\n<meta name=\"twitter:label1\" content=\"Estimated reading time\" \/>\n\t<meta name=\"twitter:data1\" content=\"1 minute\" \/>\n<script type=\"application\/ld+json\" class=\"yoast-schema-graph\">{\"@context\":\"https:\\\/\\\/schema.org\",\"@graph\":[{\"@type\":\"WebPage\",\"@id\":\"https:\\\/\\\/ogsceramics.com\\\/producto\\\/frutero-arbol-de-vida\\\/\",\"url\":\"https:\\\/\\\/ogsceramics.com\\\/producto\\\/frutero-arbol-de-vida\\\/\",\"name\":\"Frutero \u00c1rbol de Vida - OG\u2019s Ceramics\",\"isPartOf\":{\"@id\":\"https:\\\/\\\/ogsceramics.com\\\/#website\"},\"primaryImageOfPage\":{\"@id\":\"https:\\\/\\\/ogsceramics.com\\\/producto\\\/frutero-arbol-de-vida\\\/#primaryimage\"},\"image\":{\"@id\":\"https:\\\/\\\/ogsceramics.com\\\/producto\\\/frutero-arbol-de-vida\\\/#primaryimage\"},\"thumbnailUrl\":\"https:\\\/\\\/ogsceramics.com\\\/wp-content\\\/uploads\\\/2025\\\/05\\\/30.Arbol-de-vida.png\",\"datePublished\":\"2025-05-19T09:15:14+00:00\",\"dateModified\":\"2025-05-19T11:29:45+00:00\",\"breadcrumb\":{\"@id\":\"https:\\\/\\\/ogsceramics.com\\\/producto\\\/frutero-arbol-de-vida\\\/#breadcrumb\"},\"inLanguage\":\"en-GB\",\"potentialAction\":[{\"@type\":\"ReadAction\",\"target\":[\"https:\\\/\\\/ogsceramics.com\\\/producto\\\/frutero-arbol-de-vida\\\/\"]}]},{\"@type\":\"ImageObject\",\"inLanguage\":\"en-GB\",\"@id\":\"https:\\\/\\\/ogsceramics.com\\\/producto\\\/frutero-arbol-de-vida\\\/#primaryimage\",\"url\":\"https:\\\/\\\/ogsceramics.com\\\/wp-content\\\/uploads\\\/2025\\\/05\\\/30.Arbol-de-vida.png\",\"contentUrl\":\"https:\\\/\\\/ogsceramics.com\\\/wp-content\\\/uploads\\\/2025\\\/05\\\/30.Arbol-de-vida.png\",\"width\":1500,\"height\":2000},{\"@type\":\"BreadcrumbList\",\"@id\":\"https:\\\/\\\/ogsceramics.com\\\/producto\\\/frutero-arbol-de-vida\\\/#breadcrumb\",\"itemListElement\":[{\"@type\":\"ListItem\",\"position\":1,\"name\":\"Portada\",\"item\":\"https:\\\/\\\/ogsceramics.com\\\/\"},{\"@type\":\"ListItem\",\"position\":2,\"name\":\"Tienda\",\"item\":\"https:\\\/\\\/ogsceramics.com\\\/tienda\\\/\"},{\"@type\":\"ListItem\",\"position\":3,\"name\":\"Frutero \u00c1rbol de Vida\"}]},{\"@type\":\"WebSite\",\"@id\":\"https:\\\/\\\/ogsceramics.com\\\/#website\",\"url\":\"https:\\\/\\\/ogsceramics.com\\\/\",\"name\":\"OG\u2019s Ceramics\",\"description\":\"Fabricaci\u00f3n de cer\u00e1mica artesanal\",\"publisher\":{\"@id\":\"https:\\\/\\\/ogsceramics.com\\\/#organization\"},\"potentialAction\":[{\"@type\":\"SearchAction\",\"target\":{\"@type\":\"EntryPoint\",\"urlTemplate\":\"https:\\\/\\\/ogsceramics.com\\\/?s={search_term_string}\"},\"query-input\":{\"@type\":\"PropertyValueSpecification\",\"valueRequired\":true,\"valueName\":\"search_term_string\"}}],\"inLanguage\":\"en-GB\"},{\"@type\":\"Organization\",\"@id\":\"https:\\\/\\\/ogsceramics.com\\\/#organization\",\"name\":\"OG\u2019s Ceramics\",\"url\":\"https:\\\/\\\/ogsceramics.com\\\/\",\"logo\":{\"@type\":\"ImageObject\",\"inLanguage\":\"en-GB\",\"@id\":\"https:\\\/\\\/ogsceramics.com\\\/#\\\/schema\\\/logo\\\/image\\\/\",\"url\":\"https:\\\/\\\/ogsceramics.com\\\/wp-content\\\/uploads\\\/2025\\\/05\\\/cropped-OGs-Ceramics-1.png\",\"contentUrl\":\"https:\\\/\\\/ogsceramics.com\\\/wp-content\\\/uploads\\\/2025\\\/05\\\/cropped-OGs-Ceramics-1.png\",\"width\":424,\"height\":202,\"caption\":\"OG\u2019s Ceramics\"},\"image\":{\"@id\":\"https:\\\/\\\/ogsceramics.com\\\/#\\\/schema\\\/logo\\\/image\\\/\"}}]}<\/script>\n<!-- \/ Yoast SEO plugin. -->","yoast_head_json":{"title":"Frutero \u00c1rbol de Vida - OG\u2019s Ceramics","robots":{"index":"index","follow":"follow","max-snippet":"max-snippet:-1","max-image-preview":"max-image-preview:large","max-video-preview":"max-video-preview:-1"},"canonical":"https:\/\/ogsceramics.com\/en\/product\/frutero-arbol-de-vida\/","og_locale":"en_GB","og_type":"article","og_title":"Frutero \u00c1rbol de Vida - OG\u2019s Ceramics","og_description":"Cuenco grande moldeado a mano con su base en forma de arb\u00f3l con 3 ramas, en gres fino con sus esmaltes marr\u00f3n y verde (2 cocciones)","og_url":"https:\/\/ogsceramics.com\/en\/product\/frutero-arbol-de-vida\/","og_site_name":"OG\u2019s Ceramics","article_modified_time":"2025-05-19T11:29:45+00:00","og_image":[{"width":1500,"height":2000,"url":"https:\/\/ogsceramics.com\/wp-content\/uploads\/2025\/05\/30.Arbol-de-vida.png","type":"image\/png"}],"twitter_card":"summary_large_image","twitter_misc":{"Estimated reading time":"1 minute"},"schema":{"@context":"https:\/\/schema.org","@graph":[{"@type":"WebPage","@id":"https:\/\/ogsceramics.com\/producto\/frutero-arbol-de-vida\/","url":"https:\/\/ogsceramics.com\/producto\/frutero-arbol-de-vida\/","name":"Frutero \u00c1rbol de Vida - OG\u2019s Ceramics","isPartOf":{"@id":"https:\/\/ogsceramics.com\/#website"},"primaryImageOfPage":{"@id":"https:\/\/ogsceramics.com\/producto\/frutero-arbol-de-vida\/#primaryimage"},"image":{"@id":"https:\/\/ogsceramics.com\/producto\/frutero-arbol-de-vida\/#primaryimage"},"thumbnailUrl":"https:\/\/ogsceramics.com\/wp-content\/uploads\/2025\/05\/30.Arbol-de-vida.png","datePublished":"2025-05-19T09:15:14+00:00","dateModified":"2025-05-19T11:29:45+00:00","breadcrumb":{"@id":"https:\/\/ogsceramics.com\/producto\/frutero-arbol-de-vida\/#breadcrumb"},"inLanguage":"en-GB","potentialAction":[{"@type":"ReadAction","target":["https:\/\/ogsceramics.com\/producto\/frutero-arbol-de-vida\/"]}]},{"@type":"ImageObject","inLanguage":"en-GB","@id":"https:\/\/ogsceramics.com\/producto\/frutero-arbol-de-vida\/#primaryimage","url":"https:\/\/ogsceramics.com\/wp-content\/uploads\/2025\/05\/30.Arbol-de-vida.png","contentUrl":"https:\/\/ogsceramics.com\/wp-content\/uploads\/2025\/05\/30.Arbol-de-vida.png","width":1500,"height":2000},{"@type":"BreadcrumbList","@id":"https:\/\/ogsceramics.com\/producto\/frutero-arbol-de-vida\/#breadcrumb","itemListElement":[{"@type":"ListItem","position":1,"name":"Portada","item":"https:\/\/ogsceramics.com\/"},{"@type":"ListItem","position":2,"name":"Tienda","item":"https:\/\/ogsceramics.com\/tienda\/"},{"@type":"ListItem","position":3,"name":"Frutero \u00c1rbol de Vida"}]},{"@type":"WebSite","@id":"https:\/\/ogsceramics.com\/#website","url":"https:\/\/ogsceramics.com\/","name":"OG\u2019s Ceramics","description":"Fabricaci\u00f3n de cer\u00e1mica artesanal","publisher":{"@id":"https:\/\/ogsceramics.com\/#organization"},"potentialAction":[{"@type":"SearchAction","target":{"@type":"EntryPoint","urlTemplate":"https:\/\/ogsceramics.com\/?s={search_term_string}"},"query-input":{"@type":"PropertyValueSpecification","valueRequired":true,"valueName":"search_term_string"}}],"inLanguage":"en-GB"},{"@type":"Organization","@id":"https:\/\/ogsceramics.com\/#organization","name":"OG\u2019s Ceramics","url":"https:\/\/ogsceramics.com\/","logo":{"@type":"ImageObject","inLanguage":"en-GB","@id":"https:\/\/ogsceramics.com\/#\/schema\/logo\/image\/","url":"https:\/\/ogsceramics.com\/wp-content\/uploads\/2025\/05\/cropped-OGs-Ceramics-1.png","contentUrl":"https:\/\/ogsceramics.com\/wp-content\/uploads\/2025\/05\/cropped-OGs-Ceramics-1.png","width":424,"height":202,"caption":"OG\u2019s Ceramics"},"image":{"@id":"https:\/\/ogsceramics.com\/#\/schema\/logo\/image\/"}}]}},"_links":{"self":[{"href":"https:\/\/ogsceramics.com\/en\/wp-json\/wp\/v2\/product\/465","targetHints":{"allow":["GET"]}}],"collection":[{"href":"https:\/\/ogsceramics.com\/en\/wp-json\/wp\/v2\/product"}],"about":[{"href":"https:\/\/ogsceramics.com\/en\/wp-json\/wp\/v2\/types\/product"}],"replies":[{"embeddable":true,"href":"https:\/\/ogsceramics.com\/en\/wp-json\/wp\/v2\/comments?post=465"}],"wp:featuredmedia":[{"embeddable":true,"href":"https:\/\/ogsceramics.com\/en\/wp-json\/wp\/v2\/media\/466"}],"wp:attachment":[{"href":"https:\/\/ogsceramics.com\/en\/wp-json\/wp\/v2\/media?parent=465"}],"wp:term":[{"taxonomy":"product_brand","embeddable":true,"href":"https:\/\/ogsceramics.com\/en\/wp-json\/wp\/v2\/product_brand?post=465"},{"taxonomy":"product_cat","embeddable":true,"href":"https:\/\/ogsceramics.com\/en\/wp-json\/wp\/v2\/product_cat?post=465"},{"taxonomy":"product_tag","embeddable":true,"href":"https:\/\/ogsceramics.com\/en\/wp-json\/wp\/v2\/product_tag?post=465"}],"curies":[{"name":"wp","href":"https:\/\/api.w.org\/{rel}","templated":true}]}}